{"id":786,"date":"2025-04-15T23:34:21","date_gmt":"2025-04-15T23:34:21","guid":{"rendered":"https:\/\/personalizadosreyfer.com\/?post_type=product&#038;p=786"},"modified":"2025-04-15T23:34:22","modified_gmt":"2025-04-15T23:34:22","slug":"plata-750ml-4","status":"publish","type":"product","link":"https:\/\/personalizadosreyfer.com\/index.php\/producto\/plata-750ml-4\/","title":{"rendered":"Plata 750ml"},"content":{"rendered":"<p>Nuestra\u00a0<b>colecci\u00f3n de Casa Don Ram\u00f3n Cer\u00e1mica Edici\u00f3n Especial Luis Miguel<\/b>, es un tributo a la excelencia y un homenaje a la herencia cultural de nuestro pa\u00eds.<\/p>\n<p>La selecci\u00f3n de colores que acompa\u00f1an a cada una de nuestras botellas tiene un significado relacionado al exquisito\u00a0<b>arte de hacer tequila<\/b>. El color azul de nuestra\u00a0<b>versi\u00f3n Plata<\/b>\u00a0se inspira en los cielos que acompa\u00f1an nuestros campos de agave. Descubre el perfil con sus notas de agave dulce, as\u00ed como sus toques frutales.<\/p>\n<p>Esta Edici\u00f3n Especial firmada por Luis Miguel es m\u00e1s que un legado; es una representaci\u00f3n sublime de c\u00f3mo el arte puede alcanzar la excelencia.<\/p>\n","protected":false},"excerpt":{"rendered":"<p>Nuestra\u00a0<b>colecci\u00f3n de Casa Don Ram\u00f3n Cer\u00e1mica Edici\u00f3n Especial Luis Miguel<\/b>, es un tributo a la excelencia y un homenaje a la herencia cultural de nuestro pa\u00eds.<\/p>\n<p>La selecci\u00f3n de colores que acompa\u00f1an a cada una de nuestras botellas tiene un significado relacionado al exquisito\u00a0<b>arte de hacer tequila<\/b>. El color azul de nuestra\u00a0<b>versi\u00f3n Plata<\/b>\u00a0se inspira en los cielos que acompa\u00f1an nuestros campos de agave. Descubre el perfil con sus notas de agave dulce, as\u00ed como sus toques frutales.<\/p>\n<p>Esta Edici\u00f3n Especial firmada por Luis Miguel es m\u00e1s que un legado; es una representaci\u00f3n sublime de c\u00f3mo el arte puede alcanzar la excelencia.<\/p>\n","protected":false},"featured_media":787,"comment_status":"open","ping_status":"closed","template":"","meta":[],"product_brand":[],"product_cat":[52],"product_tag":[],"class_list":{"0":"post-786","1":"product","2":"type-product","3":"status-publish","4":"has-post-thumbnail","6":"product_cat-linea-coleccion-ceramica-edicion-especial-luis-miguel","8":"first","9":"instock","10":"shipping-taxable","11":"product-type-simple"},"_links":{"self":[{"href":"https:\/\/personalizadosreyfer.com\/index.php\/wp-json\/wp\/v2\/product\/786","targetHints":{"allow":["GET"]}}],"collection":[{"href":"https:\/\/personalizadosreyfer.com\/index.php\/wp-json\/wp\/v2\/product"}],"about":[{"href":"https:\/\/personalizadosreyfer.com\/index.php\/wp-json\/wp\/v2\/types\/product"}],"replies":[{"embeddable":true,"href":"https:\/\/personalizadosreyfer.com\/index.php\/wp-json\/wp\/v2\/comments?post=786"}],"version-history":[{"count":1,"href":"https:\/\/personalizadosreyfer.com\/index.php\/wp-json\/wp\/v2\/product\/786\/revisions"}],"predecessor-version":[{"id":789,"href":"https:\/\/personalizadosreyfer.com\/index.php\/wp-json\/wp\/v2\/product\/786\/revisions\/789"}],"wp:featuredmedia":[{"embeddable":true,"href":"https:\/\/personalizadosreyfer.com\/index.php\/wp-json\/wp\/v2\/media\/787"}],"wp:attachment":[{"href":"https:\/\/personalizadosreyfer.com\/index.php\/wp-json\/wp\/v2\/media?parent=786"}],"wp:term":[{"taxonomy":"product_brand","embeddable":true,"href":"https:\/\/personalizadosreyfer.com\/index.php\/wp-json\/wp\/v2\/product_brand?post=786"},{"taxonomy":"product_cat","embeddable":true,"href":"https:\/\/personalizadosreyfer.com\/index.php\/wp-json\/wp\/v2\/product_cat?post=786"},{"taxonomy":"product_tag","embeddable":true,"href":"https:\/\/personalizadosreyfer.com\/index.php\/wp-json\/wp\/v2\/product_tag?post=786"}],"curies":[{"name":"wp","href":"https:\/\/api.w.org\/{rel}","templated":true}]}}