{"id":776,"date":"2025-04-15T23:13:10","date_gmt":"2025-04-15T23:13:10","guid":{"rendered":"https:\/\/personalizadosreyfer.com\/?post_type=product&#038;p=776"},"modified":"2025-04-15T23:15:49","modified_gmt":"2025-04-15T23:15:49","slug":"reposado-750ml-2","status":"publish","type":"product","link":"https:\/\/personalizadosreyfer.com\/index.php\/producto\/reposado-750ml-2\/","title":{"rendered":"Reposado 750ml"},"content":{"rendered":"<p>Nuestra colecci\u00f3n\u00a0<b>Cer\u00e1mica Edici\u00f3n Especial Luis Miguel<\/b>, es un tributo a la excelencia y un homenaje a la herencia cultural de nuestro pa\u00eds.<\/p>\n<p>La selecci\u00f3n de colores que acompa\u00f1an a cada una de nuestras botellas tiene un significado relacionado al exquisito\u00a0<b>arte de hacer tequila<\/b>. El color amarillo por el color del l\u00edquido de nuestro\u00a0<b>Reposado<\/b>. D\u00e9jate envolver por su exquisito perfil con notas suaves a madera, as\u00ed como sus toques de frutos secos y vainilla.<\/p>\n<p>Esta Edici\u00f3n Especial firmada por Luis Miguel es m\u00e1s que un legado; es una representaci\u00f3n sublime de c\u00f3mo el arte puede alcanzar la excelencia.<\/p>\n","protected":false},"excerpt":{"rendered":"<p>Nuestra colecci\u00f3n\u00a0<b>Cer\u00e1mica Edici\u00f3n Especial Luis Miguel<\/b>, es un tributo a la excelencia y un homenaje a la herencia cultural de nuestro pa\u00eds.<\/p>\n<p>La selecci\u00f3n de colores que acompa\u00f1an a cada una de nuestras botellas tiene un significado relacionado al exquisito\u00a0<b>arte de hacer tequila<\/b>. El color amarillo por el color del l\u00edquido de nuestro\u00a0<b>Reposado<\/b>. D\u00e9jate envolver por su exquisito perfil con notas suaves a madera, as\u00ed como sus toques de frutos secos y vainilla.<\/p>\n<p>Esta Edici\u00f3n Especial firmada por Luis Miguel es m\u00e1s que un legado; es una representaci\u00f3n sublime de c\u00f3mo el arte puede alcanzar la excelencia.<\/p>\n","protected":false},"featured_media":781,"comment_status":"open","ping_status":"closed","template":"","meta":[],"product_brand":[],"product_cat":[52],"product_tag":[],"class_list":{"0":"post-776","1":"product","2":"type-product","3":"status-publish","4":"has-post-thumbnail","6":"product_cat-linea-coleccion-ceramica-edicion-especial-luis-miguel","8":"first","9":"instock","10":"shipping-taxable","11":"product-type-simple"},"_links":{"self":[{"href":"https:\/\/personalizadosreyfer.com\/index.php\/wp-json\/wp\/v2\/product\/776","targetHints":{"allow":["GET"]}}],"collection":[{"href":"https:\/\/personalizadosreyfer.com\/index.php\/wp-json\/wp\/v2\/product"}],"about":[{"href":"https:\/\/personalizadosreyfer.com\/index.php\/wp-json\/wp\/v2\/types\/product"}],"replies":[{"embeddable":true,"href":"https:\/\/personalizadosreyfer.com\/index.php\/wp-json\/wp\/v2\/comments?post=776"}],"version-history":[{"count":2,"href":"https:\/\/personalizadosreyfer.com\/index.php\/wp-json\/wp\/v2\/product\/776\/revisions"}],"predecessor-version":[{"id":780,"href":"https:\/\/personalizadosreyfer.com\/index.php\/wp-json\/wp\/v2\/product\/776\/revisions\/780"}],"wp:featuredmedia":[{"embeddable":true,"href":"https:\/\/personalizadosreyfer.com\/index.php\/wp-json\/wp\/v2\/media\/781"}],"wp:attachment":[{"href":"https:\/\/personalizadosreyfer.com\/index.php\/wp-json\/wp\/v2\/media?parent=776"}],"wp:term":[{"taxonomy":"product_brand","embeddable":true,"href":"https:\/\/personalizadosreyfer.com\/index.php\/wp-json\/wp\/v2\/product_brand?post=776"},{"taxonomy":"product_cat","embeddable":true,"href":"https:\/\/personalizadosreyfer.com\/index.php\/wp-json\/wp\/v2\/product_cat?post=776"},{"taxonomy":"product_tag","embeddable":true,"href":"https:\/\/personalizadosreyfer.com\/index.php\/wp-json\/wp\/v2\/product_tag?post=776"}],"curies":[{"name":"wp","href":"https:\/\/api.w.org\/{rel}","templated":true}]}}