{"id":736,"date":"2025-04-15T20:12:17","date_gmt":"2025-04-15T20:12:17","guid":{"rendered":"https:\/\/personalizadosreyfer.com\/?post_type=product&#038;p=736"},"modified":"2025-04-15T20:12:18","modified_gmt":"2025-04-15T20:12:18","slug":"extra-anejo-750ml-2","status":"publish","type":"product","link":"https:\/\/personalizadosreyfer.com\/index.php\/producto\/extra-anejo-750ml-2\/","title":{"rendered":"Extra a\u00f1ejo 750ml"},"content":{"rendered":"<p>Tequila Edici\u00f3n Limitada Extra A\u00f1ejo\u00a0acent\u00faa el respeto que tiene Casa Don Ram\u00f3n por la cultura del agave gracias a su complejo proceso de fabricaci\u00f3n: una doble destilaci\u00f3n y el a\u00f1ejamiento en barricas de roble durante 36 meses.<\/p>\n<p>Lo anterior le brinda un perfil robusto as\u00ed como una tonalidad cobriza y de gran presencia.<\/p>\n<p>En cada trago, se percibe su aroma de espectaculares fragancias arom\u00e1ticas adem\u00e1s de una enorme diversidad de notas a bayas, cereza, madera y pimienta.<\/p>\n","protected":false},"excerpt":{"rendered":"<p>Tequila Edici\u00f3n Limitada Extra A\u00f1ejo\u00a0acent\u00faa el respeto que tiene Casa Don Ram\u00f3n por la cultura del agave gracias a su complejo proceso de fabricaci\u00f3n: una doble destilaci\u00f3n y el a\u00f1ejamiento en barricas de roble durante 36 meses.<\/p>\n<p>Lo anterior le brinda un perfil robusto as\u00ed como una tonalidad cobriza y de gran presencia.<\/p>\n<p>En cada trago, se percibe su aroma de espectaculares fragancias arom\u00e1ticas adem\u00e1s de una enorme diversidad de notas a bayas, cereza, madera y pimienta.<\/p>\n","protected":false},"featured_media":576,"comment_status":"open","ping_status":"closed","template":"","meta":[],"product_brand":[],"product_cat":[50],"product_tag":[],"class_list":{"0":"post-736","1":"product","2":"type-product","3":"status-publish","4":"has-post-thumbnail","6":"product_cat-linea-edicion-limitada","8":"first","9":"instock","10":"shipping-taxable","11":"product-type-simple"},"_links":{"self":[{"href":"https:\/\/personalizadosreyfer.com\/index.php\/wp-json\/wp\/v2\/product\/736","targetHints":{"allow":["GET"]}}],"collection":[{"href":"https:\/\/personalizadosreyfer.com\/index.php\/wp-json\/wp\/v2\/product"}],"about":[{"href":"https:\/\/personalizadosreyfer.com\/index.php\/wp-json\/wp\/v2\/types\/product"}],"replies":[{"embeddable":true,"href":"https:\/\/personalizadosreyfer.com\/index.php\/wp-json\/wp\/v2\/comments?post=736"}],"version-history":[{"count":1,"href":"https:\/\/personalizadosreyfer.com\/index.php\/wp-json\/wp\/v2\/product\/736\/revisions"}],"predecessor-version":[{"id":737,"href":"https:\/\/personalizadosreyfer.com\/index.php\/wp-json\/wp\/v2\/product\/736\/revisions\/737"}],"wp:featuredmedia":[{"embeddable":true,"href":"https:\/\/personalizadosreyfer.com\/index.php\/wp-json\/wp\/v2\/media\/576"}],"wp:attachment":[{"href":"https:\/\/personalizadosreyfer.com\/index.php\/wp-json\/wp\/v2\/media?parent=736"}],"wp:term":[{"taxonomy":"product_brand","embeddable":true,"href":"https:\/\/personalizadosreyfer.com\/index.php\/wp-json\/wp\/v2\/product_brand?post=736"},{"taxonomy":"product_cat","embeddable":true,"href":"https:\/\/personalizadosreyfer.com\/index.php\/wp-json\/wp\/v2\/product_cat?post=736"},{"taxonomy":"product_tag","embeddable":true,"href":"https:\/\/personalizadosreyfer.com\/index.php\/wp-json\/wp\/v2\/product_tag?post=736"}],"curies":[{"name":"wp","href":"https:\/\/api.w.org\/{rel}","templated":true}]}}