{"id":725,"date":"2025-04-15T19:26:34","date_gmt":"2025-04-15T19:26:34","guid":{"rendered":"https:\/\/personalizadosreyfer.com\/?post_type=product&#038;p=725"},"modified":"2025-04-15T19:45:57","modified_gmt":"2025-04-15T19:45:57","slug":"plata-750ml-3","status":"publish","type":"product","link":"https:\/\/personalizadosreyfer.com\/index.php\/producto\/plata-750ml-3\/","title":{"rendered":"Plata 750ml"},"content":{"rendered":"<p>Tequila Plata Edici\u00f3n Limitada\u00a0busca deleitar los paladares m\u00e1s exigentes gracias a un delicado proceso que inicia con una doble destilaci\u00f3n en alambique de acero.<\/p>\n<p>Esto le da una suavidad especial as\u00ed como un perfil puro y espl\u00e9ndido.<\/p>\n<p>Su distinguida tonalidad incolora se complementa con un aroma claro, n\u00edtido y herbal adem\u00e1s de diversas notas cr\u00edticas y minerales que envuelven al paladar y generan un destello de calor.<\/p>\n","protected":false},"excerpt":{"rendered":"<p>Tequila Plata Edici\u00f3n Limitada\u00a0busca deleitar los paladares m\u00e1s exigentes gracias a un delicado proceso que inicia con una doble destilaci\u00f3n en alambique de acero.<\/p>\n<p>Esto le da una suavidad especial as\u00ed como un perfil puro y espl\u00e9ndido.<\/p>\n<p>Su distinguida tonalidad incolora se complementa con un aroma claro, n\u00edtido y herbal adem\u00e1s de diversas notas cr\u00edticas y minerales que envuelven al paladar y generan un destello de calor.<\/p>\n","protected":false},"featured_media":567,"comment_status":"open","ping_status":"closed","template":"","meta":[],"product_brand":[],"product_cat":[50],"product_tag":[],"class_list":{"0":"post-725","1":"product","2":"type-product","3":"status-publish","4":"has-post-thumbnail","6":"product_cat-linea-edicion-limitada","8":"first","9":"instock","10":"shipping-taxable","11":"product-type-simple"},"_links":{"self":[{"href":"https:\/\/personalizadosreyfer.com\/index.php\/wp-json\/wp\/v2\/product\/725","targetHints":{"allow":["GET"]}}],"collection":[{"href":"https:\/\/personalizadosreyfer.com\/index.php\/wp-json\/wp\/v2\/product"}],"about":[{"href":"https:\/\/personalizadosreyfer.com\/index.php\/wp-json\/wp\/v2\/types\/product"}],"replies":[{"embeddable":true,"href":"https:\/\/personalizadosreyfer.com\/index.php\/wp-json\/wp\/v2\/comments?post=725"}],"version-history":[{"count":2,"href":"https:\/\/personalizadosreyfer.com\/index.php\/wp-json\/wp\/v2\/product\/725\/revisions"}],"predecessor-version":[{"id":729,"href":"https:\/\/personalizadosreyfer.com\/index.php\/wp-json\/wp\/v2\/product\/725\/revisions\/729"}],"wp:featuredmedia":[{"embeddable":true,"href":"https:\/\/personalizadosreyfer.com\/index.php\/wp-json\/wp\/v2\/media\/567"}],"wp:attachment":[{"href":"https:\/\/personalizadosreyfer.com\/index.php\/wp-json\/wp\/v2\/media?parent=725"}],"wp:term":[{"taxonomy":"product_brand","embeddable":true,"href":"https:\/\/personalizadosreyfer.com\/index.php\/wp-json\/wp\/v2\/product_brand?post=725"},{"taxonomy":"product_cat","embeddable":true,"href":"https:\/\/personalizadosreyfer.com\/index.php\/wp-json\/wp\/v2\/product_cat?post=725"},{"taxonomy":"product_tag","embeddable":true,"href":"https:\/\/personalizadosreyfer.com\/index.php\/wp-json\/wp\/v2\/product_tag?post=725"}],"curies":[{"name":"wp","href":"https:\/\/api.w.org\/{rel}","templated":true}]}}